{"id":2939,"date":"2026-01-02T20:01:28","date_gmt":"2026-01-02T18:01:28","guid":{"rendered":"https:\/\/theanimalworld.es\/?post_type=product&#038;p=2939"},"modified":"2026-01-02T20:01:29","modified_gmt":"2026-01-02T18:01:29","slug":"disugual-dog-recovery-pato-400gr","status":"publish","type":"product","link":"https:\/\/theanimalworld.es\/en\/product\/disugual-dog-recovery-pato-400gr\/","title":{"rendered":"DISUGUAL DOG RECOVERY PATO 400GR"},"content":{"rendered":"","protected":false},"excerpt":{"rendered":"<div id=\"product-long-description\">\n<div id=\"collapseLongDescription\" class=\"collapse d-lg-block\">\n<div class=\"collapse-desktop-title d-none d-lg-block\">Descripci\u00f3n<\/div>\n<div class=\"collapse-content\">RECOVERY es un alimento para perros indicado para recuperaci\u00f3n nutricional y f\u00edsica durante los per\u00edodos de convalecencia. Existen tres variantes: cordero multiproteico, pato multiproteico y monoproteico con salm\u00f3n. Recovery tiene un alto valor de energ\u00eda metabolizable y un contenido de prote\u00edna bruta superior a 250 g\/kg. Con aceite de salm\u00f3n a\u00f1adido, fuente natural de omega-3 e ingredientes altamente digeribles.<\/div>\n<\/div>\n<\/div>\n<div class=\"container-md px-0\">\n<div class=\"collapsibles-wrapper specs extended-grid\">\n<div id=\"product-specifications\">\n<div id=\"collapseProductSpecifications\" class=\"collapse d-lg-block\">\n<div class=\"collapse-desktop-title d-none d-lg-block\">Especificaciones<\/div>\n<div class=\"collapse-content\">\n<div class=\"specs-wrapper\">\n<div class=\"spec-item\">\n<div class=\"lbl\">Principio activo<\/div>\n<div class=\"val\">Pato (carne) 33%, cerdo (h\u00edgado), f\u00e9cula de patata, zanahoria, aceite de salm\u00f3n, FOS, minerales, MOS, polifenoles de la uva, xilosa.<\/div>\n<\/div>\n<\/div>\n<\/div>\n<\/div>\n<\/div>\n<\/div>\n<\/div>","protected":false},"featured_media":2940,"template":"","meta":{"_jet_sm_ready_style":"","_jet_sm_style":"","_jet_sm_controls_values":"","_jet_sm_fonts_collection":"","_jet_sm_fonts_links":""},"product_brand":[120],"product_cat":[41,42,44],"product_tag":[],"class_list":{"0":"post-2939","1":"product","2":"type-product","3":"status-publish","4":"has-post-thumbnail","6":"product_brand-disugual","7":"product_cat-perros","8":"product_cat-alimentacion-perros","9":"product_cat-humedo","11":"first","12":"instock","13":"shipping-taxable","14":"purchasable","15":"product-type-simple"},"_links":{"self":[{"href":"https:\/\/theanimalworld.es\/en\/wp-json\/wp\/v2\/product\/2939","targetHints":{"allow":["GET"]}}],"collection":[{"href":"https:\/\/theanimalworld.es\/en\/wp-json\/wp\/v2\/product"}],"about":[{"href":"https:\/\/theanimalworld.es\/en\/wp-json\/wp\/v2\/types\/product"}],"version-history":[{"count":2,"href":"https:\/\/theanimalworld.es\/en\/wp-json\/wp\/v2\/product\/2939\/revisions"}],"predecessor-version":[{"id":2942,"href":"https:\/\/theanimalworld.es\/en\/wp-json\/wp\/v2\/product\/2939\/revisions\/2942"}],"wp:featuredmedia":[{"embeddable":true,"href":"https:\/\/theanimalworld.es\/en\/wp-json\/wp\/v2\/media\/2940"}],"wp:attachment":[{"href":"https:\/\/theanimalworld.es\/en\/wp-json\/wp\/v2\/media?parent=2939"}],"wp:term":[{"taxonomy":"product_brand","embeddable":true,"href":"https:\/\/theanimalworld.es\/en\/wp-json\/wp\/v2\/product_brand?post=2939"},{"taxonomy":"product_cat","embeddable":true,"href":"https:\/\/theanimalworld.es\/en\/wp-json\/wp\/v2\/product_cat?post=2939"},{"taxonomy":"product_tag","embeddable":true,"href":"https:\/\/theanimalworld.es\/en\/wp-json\/wp\/v2\/product_tag?post=2939"}],"curies":[{"name":"wp","href":"https:\/\/api.w.org\/{rel}","templated":true}]}}