{"id":2943,"date":"2026-01-02T20:03:14","date_gmt":"2026-01-02T18:03:14","guid":{"rendered":"https:\/\/theanimalworld.es\/?post_type=product&#038;p=2943"},"modified":"2026-01-02T20:03:14","modified_gmt":"2026-01-02T18:03:14","slug":"disugual-dog-intestinal-pollo-400gr","status":"publish","type":"product","link":"https:\/\/theanimalworld.es\/en\/product\/disugual-dog-intestinal-pollo-400gr\/","title":{"rendered":"DISUGUAL DOG INTESTINAL POLLO 400GR"},"content":{"rendered":"","protected":false},"excerpt":{"rendered":"<div id=\"product-long-description\">\n<div id=\"collapseLongDescription\" class=\"collapse d-lg-block\">\n<div class=\"collapse-desktop-title d-none d-lg-block\">Descripci\u00f3n<\/div>\n<div class=\"collapse-content\">INTESTINAL es un alimento para perros indicado para reducir los trastornos de absorci\u00f3n intestinal. Las prote\u00ednas hidrolizadas tienen un porcentaje de digestibilidad superior al 85%. Formulado con la menor cantidad de ingredientes posibles, con el fin de reducir el riesgo de intolerancias. Cada receta se complementa con FOS y MOS, prebi\u00f3ticos \u00fatiles para la flora intestinal. Contiene patata como \u00fanica fuente de carbohidratos lentamente digerible y aceite de salm\u00f3n, fuente de \u00e1cidos grasos poliinsaturados. Mayor concentraci\u00f3n de electrolitos (Na y K) para restablecer el equilibrio h\u00eddrico del cuerpo.<\/div>\n<\/div>\n<\/div>\n<div class=\"container-md px-0\">\n<div class=\"collapsibles-wrapper specs extended-grid\">\n<div id=\"product-specifications\">\n<div id=\"collapseProductSpecifications\" class=\"collapse d-lg-block\">\n<div class=\"collapse-desktop-title d-none d-lg-block\">Especificaciones<\/div>\n<div class=\"collapse-content\">\n<div class=\"specs-wrapper\">\n<div class=\"spec-item\">\n<div class=\"lbl\">Principio activo<\/div>\n<div class=\"val\">Pollo (carne) 36%, hidrolizado de pollo, patatas, aceite de salm\u00f3n, FOS, sustancias minerales, MOS, polifenoles de la uva, xilosa.<\/div>\n<\/div>\n<\/div>\n<\/div>\n<\/div>\n<\/div>\n<\/div>\n<\/div>","protected":false},"featured_media":2944,"template":"","meta":{"_jet_sm_ready_style":"","_jet_sm_style":"","_jet_sm_controls_values":"","_jet_sm_fonts_collection":"","_jet_sm_fonts_links":""},"product_brand":[120],"product_cat":[41,42,44],"product_tag":[],"class_list":{"0":"post-2943","1":"product","2":"type-product","3":"status-publish","4":"has-post-thumbnail","6":"product_brand-disugual","7":"product_cat-perros","8":"product_cat-alimentacion-perros","9":"product_cat-humedo","11":"first","12":"instock","13":"shipping-taxable","14":"purchasable","15":"product-type-simple"},"_links":{"self":[{"href":"https:\/\/theanimalworld.es\/en\/wp-json\/wp\/v2\/product\/2943","targetHints":{"allow":["GET"]}}],"collection":[{"href":"https:\/\/theanimalworld.es\/en\/wp-json\/wp\/v2\/product"}],"about":[{"href":"https:\/\/theanimalworld.es\/en\/wp-json\/wp\/v2\/types\/product"}],"version-history":[{"count":1,"href":"https:\/\/theanimalworld.es\/en\/wp-json\/wp\/v2\/product\/2943\/revisions"}],"predecessor-version":[{"id":2945,"href":"https:\/\/theanimalworld.es\/en\/wp-json\/wp\/v2\/product\/2943\/revisions\/2945"}],"wp:featuredmedia":[{"embeddable":true,"href":"https:\/\/theanimalworld.es\/en\/wp-json\/wp\/v2\/media\/2944"}],"wp:attachment":[{"href":"https:\/\/theanimalworld.es\/en\/wp-json\/wp\/v2\/media?parent=2943"}],"wp:term":[{"taxonomy":"product_brand","embeddable":true,"href":"https:\/\/theanimalworld.es\/en\/wp-json\/wp\/v2\/product_brand?post=2943"},{"taxonomy":"product_cat","embeddable":true,"href":"https:\/\/theanimalworld.es\/en\/wp-json\/wp\/v2\/product_cat?post=2943"},{"taxonomy":"product_tag","embeddable":true,"href":"https:\/\/theanimalworld.es\/en\/wp-json\/wp\/v2\/product_tag?post=2943"}],"curies":[{"name":"wp","href":"https:\/\/api.w.org\/{rel}","templated":true}]}}