{"id":2946,"date":"2026-01-02T20:04:43","date_gmt":"2026-01-02T18:04:43","guid":{"rendered":"https:\/\/theanimalworld.es\/?post_type=product&#038;p=2946"},"modified":"2026-01-02T20:04:43","modified_gmt":"2026-01-02T18:04:43","slug":"disugual-dog-joint-pollo-400gr","status":"publish","type":"product","link":"https:\/\/theanimalworld.es\/en\/product\/disugual-dog-joint-pollo-400gr\/","title":{"rendered":"DISUGUAL DOG JOINT POLLO 400GR"},"content":{"rendered":"","protected":false},"excerpt":{"rendered":"<div id=\"product-long-description\">\n<div id=\"collapseLongDescription\" class=\"collapse d-lg-block\">\n<div class=\"collapse-desktop-title d-none d-lg-block\">Descripci\u00f3n<\/div>\n<div class=\"collapse-content\">JOINT es un alimento indicado para perros con problemas osteoarticulares. Contiene f\u00e9cula de patata como fuente de almid\u00f3n para aportar al perro la cantidad adecuada de energ\u00eda metabolizable. Se complementa con p\u00e9ptidos de col\u00e1geno (Petagile\u00ae) aislado naturalmente de la dermis porcina, que favorecen la regeneraci\u00f3n y mantenimiento del tejido cartilaginoso. Con Condroitina y Glucosamina, que favorecen la flexibilidad articular. Contiene una mezcla de aceite de linaza y salm\u00f3n, fuentes naturales de omega-3 y omega-6 con acci\u00f3n antiinflamatoria.<\/div>\n<\/div>\n<\/div>\n<div class=\"container-md px-0\">\n<div class=\"collapsibles-wrapper specs extended-grid\">\n<div id=\"product-specifications\">\n<div id=\"collapseProductSpecifications\" class=\"collapse d-lg-block\">\n<div class=\"collapse-desktop-title d-none d-lg-block\">Especificaciones<\/div>\n<div class=\"collapse-content\">\n<div class=\"specs-wrapper\">\n<div class=\"spec-item\">\n<div class=\"lbl\">Principio activo<\/div>\n<div class=\"val\">Pollo (carne) 33%, ternera (h\u00edgado), f\u00e9cula de patata, ar\u00e1ndanos, aceite de linaza, aceite de salm\u00f3n, p\u00e9ptidos de col\u00e1geno bioactivos (Petagile\u00ae), FOS, sustancias minerales, MOS, polifenoles de la uva, xilosa.<\/div>\n<\/div>\n<\/div>\n<\/div>\n<\/div>\n<\/div>\n<\/div>\n<\/div>","protected":false},"featured_media":2947,"template":"","meta":{"_jet_sm_ready_style":"","_jet_sm_style":"","_jet_sm_controls_values":"","_jet_sm_fonts_collection":"","_jet_sm_fonts_links":""},"product_brand":[120],"product_cat":[41,42,44],"product_tag":[],"class_list":{"0":"post-2946","1":"product","2":"type-product","3":"status-publish","4":"has-post-thumbnail","6":"product_brand-disugual","7":"product_cat-perros","8":"product_cat-alimentacion-perros","9":"product_cat-humedo","11":"first","12":"instock","13":"shipping-taxable","14":"purchasable","15":"product-type-simple"},"_links":{"self":[{"href":"https:\/\/theanimalworld.es\/en\/wp-json\/wp\/v2\/product\/2946","targetHints":{"allow":["GET"]}}],"collection":[{"href":"https:\/\/theanimalworld.es\/en\/wp-json\/wp\/v2\/product"}],"about":[{"href":"https:\/\/theanimalworld.es\/en\/wp-json\/wp\/v2\/types\/product"}],"version-history":[{"count":2,"href":"https:\/\/theanimalworld.es\/en\/wp-json\/wp\/v2\/product\/2946\/revisions"}],"predecessor-version":[{"id":2949,"href":"https:\/\/theanimalworld.es\/en\/wp-json\/wp\/v2\/product\/2946\/revisions\/2949"}],"wp:featuredmedia":[{"embeddable":true,"href":"https:\/\/theanimalworld.es\/en\/wp-json\/wp\/v2\/media\/2947"}],"wp:attachment":[{"href":"https:\/\/theanimalworld.es\/en\/wp-json\/wp\/v2\/media?parent=2946"}],"wp:term":[{"taxonomy":"product_brand","embeddable":true,"href":"https:\/\/theanimalworld.es\/en\/wp-json\/wp\/v2\/product_brand?post=2946"},{"taxonomy":"product_cat","embeddable":true,"href":"https:\/\/theanimalworld.es\/en\/wp-json\/wp\/v2\/product_cat?post=2946"},{"taxonomy":"product_tag","embeddable":true,"href":"https:\/\/theanimalworld.es\/en\/wp-json\/wp\/v2\/product_tag?post=2946"}],"curies":[{"name":"wp","href":"https:\/\/api.w.org\/{rel}","templated":true}]}}