{"id":2950,"date":"2026-01-02T20:07:22","date_gmt":"2026-01-02T18:07:22","guid":{"rendered":"https:\/\/theanimalworld.es\/?post_type=product&#038;p=2950"},"modified":"2026-01-02T20:07:22","modified_gmt":"2026-01-02T18:07:22","slug":"disugual-dog-hypoallergenic-conejo-400gr","status":"publish","type":"product","link":"https:\/\/theanimalworld.es\/en\/product\/disugual-dog-hypoallergenic-conejo-400gr\/","title":{"rendered":"DISUGUAL DOG HYPOALLERGENIC CONEJO 400GR"},"content":{"rendered":"","protected":false},"excerpt":{"rendered":"<div id=\"product-long-description\">\n<div id=\"collapseLongDescription\" class=\"collapse d-lg-block\">\n<div class=\"collapse-desktop-title d-none d-lg-block\">Descripci\u00f3n<\/div>\n<div class=\"collapse-content\">HYPOALLERGENIC es un alimento para gossos con intolerancias alimentarias. Formulado con una \u00fanica fuente de prote\u00edna animal a la que s\u00f3lo se ha combinado una componente de almid\u00f3n (guisantes, arroz, calabaza) muy digerible. Contiene aceite de salm\u00f3n y aceite de linaza (fuentes de omega-3 y omega-6).<\/div>\n<\/div>\n<\/div>\n<div class=\"container-md px-0\">\n<div class=\"collapsibles-wrapper specs extended-grid\">\n<div id=\"product-specifications\">\n<div id=\"collapseProductSpecifications\" class=\"collapse d-lg-block\">\n<div class=\"collapse-desktop-title d-none d-lg-block\">Especificaciones<\/div>\n<div class=\"collapse-content\">\n<div class=\"specs-wrapper\">\n<div class=\"spec-item\">\n<div class=\"lbl\">Principio activo<\/div>\n<div class=\"val\">Conejo (carne) 47%, guisantes, aceite de linaza, aceite de salm\u00f3n, FOS, sustancias minerales, MOS, polifenoles de la uva, xilosa.<\/div>\n<\/div>\n<\/div>\n<\/div>\n<\/div>\n<\/div>\n<\/div>\n<\/div>","protected":false},"featured_media":2951,"template":"","meta":{"_jet_sm_ready_style":"","_jet_sm_style":"","_jet_sm_controls_values":"","_jet_sm_fonts_collection":"","_jet_sm_fonts_links":""},"product_brand":[120],"product_cat":[41,42,44],"product_tag":[],"class_list":{"0":"post-2950","1":"product","2":"type-product","3":"status-publish","4":"has-post-thumbnail","6":"product_brand-disugual","7":"product_cat-perros","8":"product_cat-alimentacion-perros","9":"product_cat-humedo","11":"first","12":"instock","13":"shipping-taxable","14":"purchasable","15":"product-type-simple"},"_links":{"self":[{"href":"https:\/\/theanimalworld.es\/en\/wp-json\/wp\/v2\/product\/2950","targetHints":{"allow":["GET"]}}],"collection":[{"href":"https:\/\/theanimalworld.es\/en\/wp-json\/wp\/v2\/product"}],"about":[{"href":"https:\/\/theanimalworld.es\/en\/wp-json\/wp\/v2\/types\/product"}],"version-history":[{"count":2,"href":"https:\/\/theanimalworld.es\/en\/wp-json\/wp\/v2\/product\/2950\/revisions"}],"predecessor-version":[{"id":2953,"href":"https:\/\/theanimalworld.es\/en\/wp-json\/wp\/v2\/product\/2950\/revisions\/2953"}],"wp:featuredmedia":[{"embeddable":true,"href":"https:\/\/theanimalworld.es\/en\/wp-json\/wp\/v2\/media\/2951"}],"wp:attachment":[{"href":"https:\/\/theanimalworld.es\/en\/wp-json\/wp\/v2\/media?parent=2950"}],"wp:term":[{"taxonomy":"product_brand","embeddable":true,"href":"https:\/\/theanimalworld.es\/en\/wp-json\/wp\/v2\/product_brand?post=2950"},{"taxonomy":"product_cat","embeddable":true,"href":"https:\/\/theanimalworld.es\/en\/wp-json\/wp\/v2\/product_cat?post=2950"},{"taxonomy":"product_tag","embeddable":true,"href":"https:\/\/theanimalworld.es\/en\/wp-json\/wp\/v2\/product_tag?post=2950"}],"curies":[{"name":"wp","href":"https:\/\/api.w.org\/{rel}","templated":true}]}}