{"id":2992,"date":"2026-01-19T19:46:55","date_gmt":"2026-01-19T17:46:55","guid":{"rendered":"https:\/\/theanimalworld.es\/?post_type=product&#038;p=2992"},"modified":"2026-01-19T19:46:56","modified_gmt":"2026-01-19T17:46:56","slug":"weso-caldo-de-huesos-de-ternera-400gr","status":"publish","type":"product","link":"https:\/\/theanimalworld.es\/en\/product\/weso-caldo-de-huesos-de-ternera-400gr\/","title":{"rendered":"WESO CALDO DE HUESOS DE TERNERA 400GR"},"content":{"rendered":"","protected":false},"excerpt":{"rendered":"<div class=\"elementor-element elementor-element-676c5b3 elementor-widget elementor-widget-heading\" data-id=\"676c5b3\" data-element_type=\"widget\" data-widget_type=\"heading.default\">\n<div class=\"elementor-widget-container\">\n<h5 class=\"elementor-heading-title elementor-size-default\">Caldo de huesos de ternera<\/h5>\n<h5 class=\"elementor-heading-title elementor-size-default\"><span style=\"font-size: 16px;\">Este caldo de huesos es una receta ancestral, lo cocinamos en peque\u00f1os lotes utilizando huesos frescos y coci\u00e9ndolos durante m\u00e1s de 20 horas a fuego lento. As\u00ed conseguimos diluir el tejido conectivo rico en col\u00e1geno, condroitina, glucosamina y amino\u00e1cidos.<\/span><\/h5>\n<\/div>\n<\/div>\n<div class=\"elementor-element elementor-element-a1fe730 elementor-widget elementor-widget-text-editor\" data-id=\"a1fe730\" data-element_type=\"widget\" data-widget_type=\"text-editor.default\">\n<div class=\"elementor-widget-container\">\n<h5>El resultado es este caldo nutritivo, delicioso y muy digestible que puedes utilizar como complemento diario.<\/h5>\n<div class=\"elementor-element elementor-element-eae823c elementor-widget elementor-widget-heading\" data-id=\"eae823c\" data-element_type=\"widget\" data-widget_type=\"heading.default\">\n<div class=\"elementor-widget-container\">\n<h6 class=\"elementor-heading-title elementor-size-default\">Composici\u00f3n<\/h6>\n<h6 class=\"elementor-heading-title elementor-size-default\"><span style=\"font-size: 16px;\">Elaborado solo con agua y huesos frescos de ternera. Ingredientes provenientes de peque\u00f1os productores de Pa\u00eds Vasco y Navarra.<\/span><\/h6>\n<\/div>\n<\/div>\n<div class=\"elementor-element elementor-element-b2495e3 elementor-widget elementor-widget-spacer\" data-id=\"b2495e3\" data-element_type=\"widget\" data-widget_type=\"spacer.default\">\n<div class=\"elementor-widget-container\">\n<div class=\"elementor-spacer\"><\/div>\n<\/div>\n<\/div>\n<\/div>\n<\/div>","protected":false},"featured_media":2993,"template":"","meta":{"_jet_sm_ready_style":"","_jet_sm_style":"","_jet_sm_controls_values":"","_jet_sm_fonts_collection":"","_jet_sm_fonts_links":""},"product_brand":[150],"product_cat":[54,42,55,44,57,41],"product_tag":[],"class_list":{"0":"post-2992","1":"product","2":"type-product","3":"status-publish","4":"has-post-thumbnail","6":"product_brand-weso","7":"product_cat-gatos","8":"product_cat-alimentacion-perros","9":"product_cat-alimentacion-gatos","10":"product_cat-humedo","11":"product_cat-pienso-humedo","12":"product_cat-perros","14":"first","15":"instock","16":"shipping-taxable","17":"purchasable","18":"product-type-simple"},"_links":{"self":[{"href":"https:\/\/theanimalworld.es\/en\/wp-json\/wp\/v2\/product\/2992","targetHints":{"allow":["GET"]}}],"collection":[{"href":"https:\/\/theanimalworld.es\/en\/wp-json\/wp\/v2\/product"}],"about":[{"href":"https:\/\/theanimalworld.es\/en\/wp-json\/wp\/v2\/types\/product"}],"version-history":[{"count":1,"href":"https:\/\/theanimalworld.es\/en\/wp-json\/wp\/v2\/product\/2992\/revisions"}],"predecessor-version":[{"id":2994,"href":"https:\/\/theanimalworld.es\/en\/wp-json\/wp\/v2\/product\/2992\/revisions\/2994"}],"wp:featuredmedia":[{"embeddable":true,"href":"https:\/\/theanimalworld.es\/en\/wp-json\/wp\/v2\/media\/2993"}],"wp:attachment":[{"href":"https:\/\/theanimalworld.es\/en\/wp-json\/wp\/v2\/media?parent=2992"}],"wp:term":[{"taxonomy":"product_brand","embeddable":true,"href":"https:\/\/theanimalworld.es\/en\/wp-json\/wp\/v2\/product_brand?post=2992"},{"taxonomy":"product_cat","embeddable":true,"href":"https:\/\/theanimalworld.es\/en\/wp-json\/wp\/v2\/product_cat?post=2992"},{"taxonomy":"product_tag","embeddable":true,"href":"https:\/\/theanimalworld.es\/en\/wp-json\/wp\/v2\/product_tag?post=2992"}],"curies":[{"name":"wp","href":"https:\/\/api.w.org\/{rel}","templated":true}]}}