{"id":2995,"date":"2026-01-19T19:49:37","date_gmt":"2026-01-19T17:49:37","guid":{"rendered":"https:\/\/theanimalworld.es\/?post_type=product&#038;p=2995"},"modified":"2026-01-19T19:49:37","modified_gmt":"2026-01-19T17:49:37","slug":"weso-pechuga-de-gallina-en-caldo-de-huesos-400gr","status":"publish","type":"product","link":"https:\/\/theanimalworld.es\/en\/product\/weso-pechuga-de-gallina-en-caldo-de-huesos-400gr\/","title":{"rendered":"WESO PECHUGA DE GALLINA EN CALDO DE HUESOS 400GR"},"content":{"rendered":"","protected":false},"excerpt":{"rendered":"<div class=\"elementor-element elementor-element-676c5b3 elementor-widget elementor-widget-heading\" data-id=\"676c5b3\" data-element_type=\"widget\" data-widget_type=\"heading.default\">\n<div class=\"elementor-widget-container\">\n<h5 class=\"elementor-heading-title elementor-size-default\"><span>Pechuga de gallina en caldo de huesos<\/span><\/h5>\n<\/div>\n<\/div>\n<div class=\"elementor-widget-container\">\n<div class=\"elementor-spacer\">\n<div class=\"elementor-spacer-inner\"><span style=\"font-size: 16px;\">Para hacer este producto deshuesamos a mano la carne de las gallinas camperas y lo envasamos junto con nuestro caldo de huesos de m\u00e1s de 20 horas de cocci\u00f3n.<\/span><\/div>\n<\/div>\n<\/div>\n<section class=\"elementor-section elementor-inner-section elementor-element elementor-element-a9fd574 elementor-section-boxed elementor-section-height-default elementor-section-height-default\" data-id=\"a9fd574\" data-element_type=\"section\" data-settings=\"{&quot;background_background&quot;:&quot;classic&quot;}\">\n<div class=\"elementor-container elementor-column-gap-default\">\n<div class=\"elementor-column elementor-col-100 elementor-inner-column elementor-element elementor-element-238566b\" data-fullscreen-column-settings=\"{&quot;fullscreen&quot;:&quot;&quot;}\" data-id=\"238566b\" data-element_type=\"column\">\n<div class=\"elementor-widget-wrap elementor-element-populated\">\n<div class=\"elementor-element elementor-element-15939b9 elementor-widget elementor-widget-heading\" data-id=\"15939b9\" data-element_type=\"widget\" data-widget_type=\"heading.default\">\n<div class=\"elementor-widget-container\">\n<h5>Seleccionamos solo la parte m\u00e1s magra, la que tiene m\u00e1s prote\u00edna de alto valor biol\u00f3gico. As\u00ed conseguimos esta carne limpia y muy sabrosa.<\/h5>\n<h5><b>Forma de consumo:<\/b>\u00a0Puedes utilizar esta carne como premio o para a\u00f1adir de forma habitual a cualquier tipo de dieta.<\/h5>\n<div class=\"elementor-element elementor-element-eae823c elementor-widget elementor-widget-heading\" data-id=\"eae823c\" data-element_type=\"widget\" data-widget_type=\"heading.default\">\n<div class=\"elementor-widget-container\">\n<h5 class=\"elementor-heading-title elementor-size-default\">Composici\u00f3n:<\/h5>\n<\/div>\n<\/div>\n<div class=\"elementor-widget-container\">\n<div class=\"elementor-spacer\">\n<div class=\"elementor-spacer-inner\">Pechuga de gallina y caldo de huesos de gallina.<\/div>\n<\/div>\n<\/div>\n<div class=\"elementor-widget-container\">\n<h5 class=\"elementor-heading-title elementor-size-default\"><span><span class=\"\">Ingredientes provenientes de peque\u00f1os productores de Pa\u00eds Vasco y Navarra.<\/span><\/span><\/h5>\n<\/div>\n<div class=\"elementor-element elementor-element-b2495e3 elementor-widget elementor-widget-spacer\" data-id=\"b2495e3\" data-element_type=\"widget\" data-widget_type=\"spacer.default\">\n<div class=\"elementor-widget-container\">\n<h5 class=\"elementor-spacer\"><\/h5>\n<\/div>\n<\/div>\n<\/div>\n<\/div>\n<\/div>\n<\/div>\n<\/div>\n<\/section>","protected":false},"featured_media":2996,"template":"","meta":{"_jet_sm_ready_style":"","_jet_sm_style":"","_jet_sm_controls_values":"","_jet_sm_fonts_collection":"","_jet_sm_fonts_links":""},"product_brand":[150],"product_cat":[54,42,55,44,57,41],"product_tag":[],"class_list":{"0":"post-2995","1":"product","2":"type-product","3":"status-publish","4":"has-post-thumbnail","6":"product_brand-weso","7":"product_cat-gatos","8":"product_cat-alimentacion-perros","9":"product_cat-alimentacion-gatos","10":"product_cat-humedo","11":"product_cat-pienso-humedo","12":"product_cat-perros","14":"first","15":"instock","16":"shipping-taxable","17":"purchasable","18":"product-type-simple"},"_links":{"self":[{"href":"https:\/\/theanimalworld.es\/en\/wp-json\/wp\/v2\/product\/2995","targetHints":{"allow":["GET"]}}],"collection":[{"href":"https:\/\/theanimalworld.es\/en\/wp-json\/wp\/v2\/product"}],"about":[{"href":"https:\/\/theanimalworld.es\/en\/wp-json\/wp\/v2\/types\/product"}],"version-history":[{"count":1,"href":"https:\/\/theanimalworld.es\/en\/wp-json\/wp\/v2\/product\/2995\/revisions"}],"predecessor-version":[{"id":2997,"href":"https:\/\/theanimalworld.es\/en\/wp-json\/wp\/v2\/product\/2995\/revisions\/2997"}],"wp:featuredmedia":[{"embeddable":true,"href":"https:\/\/theanimalworld.es\/en\/wp-json\/wp\/v2\/media\/2996"}],"wp:attachment":[{"href":"https:\/\/theanimalworld.es\/en\/wp-json\/wp\/v2\/media?parent=2995"}],"wp:term":[{"taxonomy":"product_brand","embeddable":true,"href":"https:\/\/theanimalworld.es\/en\/wp-json\/wp\/v2\/product_brand?post=2995"},{"taxonomy":"product_cat","embeddable":true,"href":"https:\/\/theanimalworld.es\/en\/wp-json\/wp\/v2\/product_cat?post=2995"},{"taxonomy":"product_tag","embeddable":true,"href":"https:\/\/theanimalworld.es\/en\/wp-json\/wp\/v2\/product_tag?post=2995"}],"curies":[{"name":"wp","href":"https:\/\/api.w.org\/{rel}","templated":true}]}}