{"id":3001,"date":"2026-01-19T20:09:17","date_gmt":"2026-01-19T18:09:17","guid":{"rendered":"https:\/\/theanimalworld.es\/?post_type=product&#038;p=3001"},"modified":"2026-01-19T20:09:17","modified_gmt":"2026-01-19T18:09:17","slug":"churu-kitten-receta-de-pollo-4-x-14gr","status":"publish","type":"product","link":"https:\/\/theanimalworld.es\/en\/product\/churu-kitten-receta-de-pollo-4-x-14gr\/","title":{"rendered":"CHURU KITTEN RECETA DE POLLO 4 X 14GR"},"content":{"rendered":"","protected":false},"excerpt":{"rendered":"<div id=\"product-long-description\">\n<div id=\"collapseLongDescription\" class=\"collapse d-lg-block\">\n<div class=\"collapse-desktop-title d-none d-lg-block\">Descripci\u00f3n<\/div>\n<div class=\"collapse-content\">Churu para gatitos es una nueva incorporaci\u00f3n a la l\u00ednea de salsas m\u00e1s vendida, famosa por su consistencia aterciopelada y alta humedad. La versi\u00f3n para gatitos ha sido enriquecida con DHA y EPA procedentes del aceite de pescado, que tienen una finalidad espec\u00edfica. Apoyar el desarrollo cerebral adecuado de los animales j\u00f3venes. Con la adici\u00f3n de taurina, que es un amino\u00e1cido clave que necesitan los gatitos para mantener una visi\u00f3n, funci\u00f3n card\u00edaca y nervios adecuados<\/div>\n<\/div>\n<\/div>\n<div class=\"container-md px-0\">\n<div class=\"collapsibles-wrapper specs extended-grid\">\n<div id=\"product-specifications\">\n<div id=\"collapseProductSpecifications\" class=\"collapse d-lg-block\">\n<div class=\"collapse-desktop-title d-none d-lg-block\">Especificaciones<\/div>\n<div class=\"collapse-content\">\n<div class=\"specs-wrapper\">\n<div class=\"spec-item\">\n<div class=\"lbl\">COMPOSICI\u00d3N:<\/div>\n<div class=\"val\">Pollo (30,0%), tapioca (seca), carbonato de calcio (0,8%), extracto de vieira (0,8%), aceite de pescado (0,7%)<\/div>\n<\/div>\n<\/div>\n<\/div>\n<\/div>\n<\/div>\n<\/div>\n<\/div>","protected":false},"featured_media":3002,"template":"","meta":{"_jet_sm_ready_style":"","_jet_sm_style":"","_jet_sm_controls_values":"","_jet_sm_fonts_collection":"","_jet_sm_fonts_links":""},"product_brand":[149],"product_cat":[54,55,58],"product_tag":[],"class_list":{"0":"post-3001","1":"product","2":"type-product","3":"status-publish","4":"has-post-thumbnail","6":"product_brand-churu","7":"product_cat-gatos","8":"product_cat-alimentacion-gatos","9":"product_cat-snacks-alimentacion-gatos","11":"first","12":"instock","13":"shipping-taxable","14":"purchasable","15":"product-type-simple"},"_links":{"self":[{"href":"https:\/\/theanimalworld.es\/en\/wp-json\/wp\/v2\/product\/3001","targetHints":{"allow":["GET"]}}],"collection":[{"href":"https:\/\/theanimalworld.es\/en\/wp-json\/wp\/v2\/product"}],"about":[{"href":"https:\/\/theanimalworld.es\/en\/wp-json\/wp\/v2\/types\/product"}],"version-history":[{"count":2,"href":"https:\/\/theanimalworld.es\/en\/wp-json\/wp\/v2\/product\/3001\/revisions"}],"predecessor-version":[{"id":3004,"href":"https:\/\/theanimalworld.es\/en\/wp-json\/wp\/v2\/product\/3001\/revisions\/3004"}],"wp:featuredmedia":[{"embeddable":true,"href":"https:\/\/theanimalworld.es\/en\/wp-json\/wp\/v2\/media\/3002"}],"wp:attachment":[{"href":"https:\/\/theanimalworld.es\/en\/wp-json\/wp\/v2\/media?parent=3001"}],"wp:term":[{"taxonomy":"product_brand","embeddable":true,"href":"https:\/\/theanimalworld.es\/en\/wp-json\/wp\/v2\/product_brand?post=3001"},{"taxonomy":"product_cat","embeddable":true,"href":"https:\/\/theanimalworld.es\/en\/wp-json\/wp\/v2\/product_cat?post=3001"},{"taxonomy":"product_tag","embeddable":true,"href":"https:\/\/theanimalworld.es\/en\/wp-json\/wp\/v2\/product_tag?post=3001"}],"curies":[{"name":"wp","href":"https:\/\/api.w.org\/{rel}","templated":true}]}}