{"id":3027,"date":"2026-01-19T20:25:52","date_gmt":"2026-01-19T18:25:52","guid":{"rendered":"https:\/\/theanimalworld.es\/?post_type=product&#038;p=3027"},"modified":"2026-01-19T20:25:53","modified_gmt":"2026-01-19T18:25:53","slug":"churu-meal-topper-complete-chicken-recipe-4-x-14gr","status":"publish","type":"product","link":"https:\/\/theanimalworld.es\/en\/product\/churu-meal-topper-complete-chicken-recipe-4-x-14gr\/","title":{"rendered":"CHURU MEAL TOPPER COMPLETE CHICKEN RECIPE 4 X 14GR"},"content":{"rendered":"","protected":false},"excerpt":{"rendered":"<div id=\"product-long-description\">\n<div id=\"collapseLongDescription\" class=\"collapse d-lg-block\">\n<div class=\"collapse-desktop-title d-none d-lg-block\">Descripci\u00f3n<\/div>\n<div class=\"collapse-content\">Churu Meal Topper est\u00e1 hecho de ingredientes deliciosos y de alta calidad, incluido pollo criado en granjas y\/o at\u00fan silvestre natural. Su textura a pur\u00e9 cremoso les encanta y contiene todas las vitaminas y minerales de un alimento, envuelto en un tubo de una sola porci\u00f3n. Cada tubo contiene un 85% de humedad y solo 11 calor\u00edas. Libre de granos, conservantes y colorantes artificiales. Churu Meal Topper es perfecto para a\u00f1adir encima de la comida habitual como complemento. Tambi\u00e9n se puede usar como raci\u00f3n diaria completa: 13 tubos por cada 3 kg de peso corporal repartidos en 2 o 3 comidas diarias. Las cantidades de comida pueden variar en funci\u00f3n de la edad y el nivel de actividad.<\/div>\n<\/div>\n<\/div>\n<div class=\"container-md px-0\">\n<div class=\"collapsibles-wrapper specs extended-grid\">\n<div id=\"product-specifications\">\n<div id=\"collapseProductSpecifications\" class=\"collapse d-lg-block\">\n<div class=\"collapse-desktop-title d-none d-lg-block\">Especificaciones<\/div>\n<div class=\"collapse-content\">\n<div class=\"specs-wrapper\">\n<div class=\"spec-item\">\n<div class=\"lbl\">Principio activo<\/div>\n<div class=\"val\">Pollo (35,0%), tapioca (desecada), extracto de vieira (1,1%), carbonato de calcio, cloruro de potasio, sulfato de magnesio heptahidratado.<\/div>\n<\/div>\n<\/div>\n<\/div>\n<\/div>\n<\/div>\n<\/div>\n<\/div>","protected":false},"featured_media":3028,"template":"","meta":{"_jet_sm_ready_style":"","_jet_sm_style":"","_jet_sm_controls_values":"","_jet_sm_fonts_collection":"","_jet_sm_fonts_links":""},"product_brand":[149],"product_cat":[54,55,58],"product_tag":[],"class_list":{"0":"post-3027","1":"product","2":"type-product","3":"status-publish","4":"has-post-thumbnail","6":"product_brand-churu","7":"product_cat-gatos","8":"product_cat-alimentacion-gatos","9":"product_cat-snacks-alimentacion-gatos","11":"first","12":"instock","13":"shipping-taxable","14":"purchasable","15":"product-type-simple"},"_links":{"self":[{"href":"https:\/\/theanimalworld.es\/en\/wp-json\/wp\/v2\/product\/3027","targetHints":{"allow":["GET"]}}],"collection":[{"href":"https:\/\/theanimalworld.es\/en\/wp-json\/wp\/v2\/product"}],"about":[{"href":"https:\/\/theanimalworld.es\/en\/wp-json\/wp\/v2\/types\/product"}],"version-history":[{"count":2,"href":"https:\/\/theanimalworld.es\/en\/wp-json\/wp\/v2\/product\/3027\/revisions"}],"predecessor-version":[{"id":3030,"href":"https:\/\/theanimalworld.es\/en\/wp-json\/wp\/v2\/product\/3027\/revisions\/3030"}],"wp:featuredmedia":[{"embeddable":true,"href":"https:\/\/theanimalworld.es\/en\/wp-json\/wp\/v2\/media\/3028"}],"wp:attachment":[{"href":"https:\/\/theanimalworld.es\/en\/wp-json\/wp\/v2\/media?parent=3027"}],"wp:term":[{"taxonomy":"product_brand","embeddable":true,"href":"https:\/\/theanimalworld.es\/en\/wp-json\/wp\/v2\/product_brand?post=3027"},{"taxonomy":"product_cat","embeddable":true,"href":"https:\/\/theanimalworld.es\/en\/wp-json\/wp\/v2\/product_cat?post=3027"},{"taxonomy":"product_tag","embeddable":true,"href":"https:\/\/theanimalworld.es\/en\/wp-json\/wp\/v2\/product_tag?post=3027"}],"curies":[{"name":"wp","href":"https:\/\/api.w.org\/{rel}","templated":true}]}}