{"id":705,"date":"2025-07-25T20:47:51","date_gmt":"2025-07-25T18:47:51","guid":{"rendered":"https:\/\/theanimalworld.es\/producto\/natura-diet-iberico-vegs-lata-400g\/"},"modified":"2025-10-14T16:24:24","modified_gmt":"2025-10-14T14:24:24","slug":"natura-diet-iberico-vegs-lata-400g","status":"publish","type":"product","link":"https:\/\/theanimalworld.es\/en\/product\/natura-diet-iberico-vegs-lata-400g\/","title":{"rendered":"Natura Diet Iberico &#038; Vegs \u2013 Lata"},"content":{"rendered":"","protected":false},"excerpt":{"rendered":"<p>Composici\u00f3n:<br \/>\nCarnes frescas 83 % &#8211; pavo, cerdo ib\u00e9rico 35 %, pollo \u2013 patata (3%), levadura de cerveza, zanahoria, br\u00f3coli y puerro (1%), aceite de salm\u00f3n, fibras vegetales, aceite de oliva, Prosafe complex: extractos de romero, c\u00farcuma, pomelo y clavo.<\/p>","protected":false},"featured_media":2065,"template":"","meta":{"_jet_sm_ready_style":"","_jet_sm_style":"","_jet_sm_controls_values":"","_jet_sm_fonts_collection":"","_jet_sm_fonts_links":""},"product_brand":[26],"product_cat":[42,44,41],"product_tag":[78,74,72,133,134,92],"class_list":{"0":"post-705","1":"product","2":"type-product","3":"status-publish","4":"has-post-thumbnail","6":"product_brand-natura-diet","7":"product_cat-alimentacion-perros","8":"product_cat-humedo","9":"product_cat-perros","10":"product_tag-cerdo-iberico","11":"product_tag-natural","12":"product_tag-omega-3","13":"product_tag-perro-adulto","14":"product_tag-pienso-humedo","15":"product_tag-verduras","17":"first","18":"instock","19":"shipping-taxable","20":"purchasable","21":"product-type-simple"},"_links":{"self":[{"href":"https:\/\/theanimalworld.es\/en\/wp-json\/wp\/v2\/product\/705","targetHints":{"allow":["GET"]}}],"collection":[{"href":"https:\/\/theanimalworld.es\/en\/wp-json\/wp\/v2\/product"}],"about":[{"href":"https:\/\/theanimalworld.es\/en\/wp-json\/wp\/v2\/types\/product"}],"version-history":[{"count":3,"href":"https:\/\/theanimalworld.es\/en\/wp-json\/wp\/v2\/product\/705\/revisions"}],"predecessor-version":[{"id":1864,"href":"https:\/\/theanimalworld.es\/en\/wp-json\/wp\/v2\/product\/705\/revisions\/1864"}],"wp:featuredmedia":[{"embeddable":true,"href":"https:\/\/theanimalworld.es\/en\/wp-json\/wp\/v2\/media\/2065"}],"wp:attachment":[{"href":"https:\/\/theanimalworld.es\/en\/wp-json\/wp\/v2\/media?parent=705"}],"wp:term":[{"taxonomy":"product_brand","embeddable":true,"href":"https:\/\/theanimalworld.es\/en\/wp-json\/wp\/v2\/product_brand?post=705"},{"taxonomy":"product_cat","embeddable":true,"href":"https:\/\/theanimalworld.es\/en\/wp-json\/wp\/v2\/product_cat?post=705"},{"taxonomy":"product_tag","embeddable":true,"href":"https:\/\/theanimalworld.es\/en\/wp-json\/wp\/v2\/product_tag?post=705"}],"curies":[{"name":"wp","href":"https:\/\/api.w.org\/{rel}","templated":true}]}}