{"id":706,"date":"2025-07-25T20:47:51","date_gmt":"2025-07-25T18:47:51","guid":{"rendered":"https:\/\/theanimalworld.es\/producto\/dingo-chicken-daily-pollo-y-arroz-7kg\/"},"modified":"2025-10-14T16:24:48","modified_gmt":"2025-10-14T14:24:48","slug":"dingo-chicken-daily-pollo-y-arroz-7kg","status":"publish","type":"product","link":"https:\/\/theanimalworld.es\/en\/product\/dingo-chicken-daily-pollo-y-arroz-7kg\/","title":{"rendered":"Dingo Chicken Daily \u2013 Pollo y Arroz 12kg"},"content":{"rendered":"","protected":false},"excerpt":{"rendered":"<p>Composici\u00f3n:<\/p>\n<p>Prote\u00edna de pollo deshidratada (25%), prote\u00edna de cerdo deshidratada, ma\u00edz, arroz, harina de gluten de ma\u00edz, grasa de pollo, pulpa de remolacha y pulpa de manzana deshidratadas (fuente natural de fibra), aceite de salm\u00f3n y aceite de lino (fuentes de omega 3 y omega 6), avena (rica en vitaminas del grupo B), verduras deshidratadas (fuente natural de vitaminas y minerales), cloruro pot\u00e1sico, mezcla de romero y c\u00edtricos deshidratados (alto poder conservante), mezcla de aceites vegetales ricos en alfa tocoferoles (alto poder antioxidante), aceite de oliva-.<\/p>","protected":false},"featured_media":2061,"template":"","meta":{"_jet_sm_ready_style":"","_jet_sm_style":"","_jet_sm_controls_values":"","_jet_sm_fonts_collection":"","_jet_sm_fonts_links":""},"product_brand":[131],"product_cat":[41],"product_tag":[71,74,72,133,83,70],"class_list":{"0":"post-706","1":"product","2":"type-product","3":"status-publish","4":"has-post-thumbnail","6":"product_brand-dingo","7":"product_cat-perros","8":"product_tag-arroz","9":"product_tag-natural","10":"product_tag-omega-3","11":"product_tag-perro-adulto","12":"product_tag-pienso-seco","13":"product_tag-pollo","15":"first","16":"instock","17":"shipping-taxable","18":"purchasable","19":"product-type-simple"},"_links":{"self":[{"href":"https:\/\/theanimalworld.es\/en\/wp-json\/wp\/v2\/product\/706","targetHints":{"allow":["GET"]}}],"collection":[{"href":"https:\/\/theanimalworld.es\/en\/wp-json\/wp\/v2\/product"}],"about":[{"href":"https:\/\/theanimalworld.es\/en\/wp-json\/wp\/v2\/types\/product"}],"version-history":[{"count":2,"href":"https:\/\/theanimalworld.es\/en\/wp-json\/wp\/v2\/product\/706\/revisions"}],"predecessor-version":[{"id":1884,"href":"https:\/\/theanimalworld.es\/en\/wp-json\/wp\/v2\/product\/706\/revisions\/1884"}],"wp:featuredmedia":[{"embeddable":true,"href":"https:\/\/theanimalworld.es\/en\/wp-json\/wp\/v2\/media\/2061"}],"wp:attachment":[{"href":"https:\/\/theanimalworld.es\/en\/wp-json\/wp\/v2\/media?parent=706"}],"wp:term":[{"taxonomy":"product_brand","embeddable":true,"href":"https:\/\/theanimalworld.es\/en\/wp-json\/wp\/v2\/product_brand?post=706"},{"taxonomy":"product_cat","embeddable":true,"href":"https:\/\/theanimalworld.es\/en\/wp-json\/wp\/v2\/product_cat?post=706"},{"taxonomy":"product_tag","embeddable":true,"href":"https:\/\/theanimalworld.es\/en\/wp-json\/wp\/v2\/product_tag?post=706"}],"curies":[{"name":"wp","href":"https:\/\/api.w.org\/{rel}","templated":true}]}}