{"id":707,"date":"2025-07-25T20:47:51","date_gmt":"2025-07-25T18:47:51","guid":{"rendered":"https:\/\/theanimalworld.es\/producto\/dibaq-sense-conejo-y-pavo-12kg\/"},"modified":"2025-10-14T16:25:34","modified_gmt":"2025-10-14T14:25:34","slug":"dibaq-sense-conejo-y-pavo-12kg","status":"publish","type":"product","link":"https:\/\/theanimalworld.es\/en\/product\/dibaq-sense-conejo-y-pavo-12kg\/","title":{"rendered":"Dibaq Sense \u2013 Conejo y Pavo 10kg"},"content":{"rendered":"","protected":false},"excerpt":{"rendered":"<p>Composici\u00f3n:<\/p>\n<p>Conejo fresco 35%*, pavo deshidratado 25%, almid\u00f3n de guisante, patata, aceite de pavo 10%, guisantes*, pulpa de remolacha (fuente de fibra), verduras y frutas frescas 4% (zanahoria*, espinacas*, ar\u00e1ndanos* y manzana*), Ceratonia siliqua* , aceite de salm\u00f3n 1% (fuente de \u00e1cidos grasos omega 3 y 6), sustancias minerales, protectores articulares (Condrotina sulfato 750 mg\/kg, glucosamina clorhidrato 750 mg\/kg y MSM), yuca, ra\u00edz de achicoria (fuente de inulina-FOS), levaduras (MOS) y plantas arom\u00e1ticas con propiedades antioxidantes naturales (romero*, tomillo* y or\u00e9gano*).*Ingredientes 100% naturales.<\/p>","protected":false},"featured_media":2066,"template":"","meta":{"_jet_sm_ready_style":"","_jet_sm_style":"","_jet_sm_controls_values":"","_jet_sm_fonts_collection":"","_jet_sm_fonts_links":""},"product_brand":[28],"product_cat":[41],"product_tag":[84,74,79,133,83,85],"class_list":{"0":"post-707","1":"product","2":"type-product","3":"status-publish","4":"has-post-thumbnail","6":"product_brand-dibaq-sense","7":"product_cat-perros","8":"product_tag-conejo","9":"product_tag-natural","10":"product_tag-pavo","11":"product_tag-perro-adulto","12":"product_tag-pienso-seco","13":"product_tag-sin-cereales","15":"first","16":"instock","17":"shipping-taxable","18":"purchasable","19":"product-type-simple"},"_links":{"self":[{"href":"https:\/\/theanimalworld.es\/en\/wp-json\/wp\/v2\/product\/707","targetHints":{"allow":["GET"]}}],"collection":[{"href":"https:\/\/theanimalworld.es\/en\/wp-json\/wp\/v2\/product"}],"about":[{"href":"https:\/\/theanimalworld.es\/en\/wp-json\/wp\/v2\/types\/product"}],"version-history":[{"count":2,"href":"https:\/\/theanimalworld.es\/en\/wp-json\/wp\/v2\/product\/707\/revisions"}],"predecessor-version":[{"id":1874,"href":"https:\/\/theanimalworld.es\/en\/wp-json\/wp\/v2\/product\/707\/revisions\/1874"}],"wp:featuredmedia":[{"embeddable":true,"href":"https:\/\/theanimalworld.es\/en\/wp-json\/wp\/v2\/media\/2066"}],"wp:attachment":[{"href":"https:\/\/theanimalworld.es\/en\/wp-json\/wp\/v2\/media?parent=707"}],"wp:term":[{"taxonomy":"product_brand","embeddable":true,"href":"https:\/\/theanimalworld.es\/en\/wp-json\/wp\/v2\/product_brand?post=707"},{"taxonomy":"product_cat","embeddable":true,"href":"https:\/\/theanimalworld.es\/en\/wp-json\/wp\/v2\/product_cat?post=707"},{"taxonomy":"product_tag","embeddable":true,"href":"https:\/\/theanimalworld.es\/en\/wp-json\/wp\/v2\/product_tag?post=707"}],"curies":[{"name":"wp","href":"https:\/\/api.w.org\/{rel}","templated":true}]}}