{"id":710,"date":"2025-07-25T20:47:51","date_gmt":"2025-07-25T18:47:51","guid":{"rendered":"https:\/\/theanimalworld.es\/producto\/dibaq-sense-pollo-y-pato-con-champinones-y-mango-400g\/"},"modified":"2025-10-14T16:26:18","modified_gmt":"2025-10-14T14:26:18","slug":"dibaq-sense-pollo-y-pato-con-champinones-y-mango-400g","status":"publish","type":"product","link":"https:\/\/theanimalworld.es\/en\/product\/dibaq-sense-pollo-y-pato-con-champinones-y-mango-400g\/","title":{"rendered":"Dibaq Sense \u2013 Pollo y Pato con Champi\u00f1ones y Mango"},"content":{"rendered":"","protected":false},"excerpt":{"rendered":"<p>Composici\u00f3n:<\/p>\n<p>Carnes frescas 76% (pollo 44%, pato 32%), patata, verduras y frutas frescas 4% (champi\u00f1ones, ar\u00e1ndanos, mango y manzana), aceite de salm\u00f3n 1% (fuente de \u00e1cidos grasos omega 3 y 6), pack protector articular 0,5% (condroit\u00edn sulfato, glucosamina sulfato y MSM), sustancias minerales, plantas arom\u00e1ticas con propiedades antioxidantes naturales 0,02% (romero, tomillo y or\u00e9gano).<\/p>","protected":false},"featured_media":2067,"template":"","meta":{"_jet_sm_ready_style":"","_jet_sm_style":"","_jet_sm_controls_values":"","_jet_sm_fonts_collection":"","_jet_sm_fonts_links":""},"product_brand":[28],"product_cat":[42,44,41],"product_tag":[136,89,137,74,88,133,134,70],"class_list":{"0":"post-710","1":"product","2":"type-product","3":"status-publish","4":"has-post-thumbnail","6":"product_brand-dibaq-sense","7":"product_cat-alimentacion-perros","8":"product_cat-humedo","9":"product_cat-perros","10":"product_tag-champinones","11":"product_tag-frutas","12":"product_tag-mango","13":"product_tag-natural","14":"product_tag-pato","15":"product_tag-perro-adulto","16":"product_tag-pienso-humedo","17":"product_tag-pollo","19":"first","20":"instock","21":"shipping-taxable","22":"purchasable","23":"product-type-simple"},"_links":{"self":[{"href":"https:\/\/theanimalworld.es\/en\/wp-json\/wp\/v2\/product\/710","targetHints":{"allow":["GET"]}}],"collection":[{"href":"https:\/\/theanimalworld.es\/en\/wp-json\/wp\/v2\/product"}],"about":[{"href":"https:\/\/theanimalworld.es\/en\/wp-json\/wp\/v2\/types\/product"}],"version-history":[{"count":2,"href":"https:\/\/theanimalworld.es\/en\/wp-json\/wp\/v2\/product\/710\/revisions"}],"predecessor-version":[{"id":1863,"href":"https:\/\/theanimalworld.es\/en\/wp-json\/wp\/v2\/product\/710\/revisions\/1863"}],"wp:featuredmedia":[{"embeddable":true,"href":"https:\/\/theanimalworld.es\/en\/wp-json\/wp\/v2\/media\/2067"}],"wp:attachment":[{"href":"https:\/\/theanimalworld.es\/en\/wp-json\/wp\/v2\/media?parent=710"}],"wp:term":[{"taxonomy":"product_brand","embeddable":true,"href":"https:\/\/theanimalworld.es\/en\/wp-json\/wp\/v2\/product_brand?post=710"},{"taxonomy":"product_cat","embeddable":true,"href":"https:\/\/theanimalworld.es\/en\/wp-json\/wp\/v2\/product_cat?post=710"},{"taxonomy":"product_tag","embeddable":true,"href":"https:\/\/theanimalworld.es\/en\/wp-json\/wp\/v2\/product_tag?post=710"}],"curies":[{"name":"wp","href":"https:\/\/api.w.org\/{rel}","templated":true}]}}